{"id":16075,"date":"2025-01-20T11:22:08","date_gmt":"2025-01-20T11:22:08","guid":{"rendered":"https:\/\/rocwork.space\/Deus\/?page_id=16075"},"modified":"2025-02-06T19:32:22","modified_gmt":"2025-02-06T19:32:22","slug":"process","status":"publish","type":"page","link":"https:\/\/deusbuilders.com\/ES\/process\/","title":{"rendered":"Proceso"},"content":{"rendered":"\t\t<div data-elementor-type=\"wp-page\" data-elementor-id=\"16075\" class=\"elementor elementor-16075\" data-elementor-settings=\"{&quot;ha_cmc_init_switcher&quot;:&quot;no&quot;}\" data-elementor-post-type=\"page\">\n\t\t\t\t\t\t<section class=\"elementor-section elementor-top-section elementor-element elementor-element-6c244140 elementor-section-full_width elementor-section-height-default elementor-section-height-default\" data-id=\"6c244140\" data-element_type=\"section\" data-settings=\"{&quot;background_background&quot;:&quot;classic&quot;,&quot;_ha_eqh_enable&quot;:false,&quot;ekit_has_onepagescroll_dot&quot;:&quot;yes&quot;}\">\n\t\t\t\t\t\t<div class=\"elementor-container elementor-column-gap-default\">\n\t\t\t\t\t<div class=\"elementor-column elementor-col-100 elementor-top-column elementor-element elementor-element-641a79c2\" data-id=\"641a79c2\" data-element_type=\"column\">\n\t\t\t<div class=\"elementor-widget-wrap elementor-element-populated\">\n\t\t\t\t\t\t<section class=\"elementor-section elementor-inner-section elementor-element elementor-element-27009a02 elementor-section-boxed elementor-section-height-default elementor-section-height-default\" data-id=\"27009a02\" data-element_type=\"section\" data-settings=\"{&quot;_ha_eqh_enable&quot;:false,&quot;ekit_has_onepagescroll_dot&quot;:&quot;yes&quot;}\">\n\t\t\t\t\t\t<div class=\"elementor-container elementor-column-gap-default\">\n\t\t\t\t\t<div class=\"elementor-column elementor-col-50 elementor-inner-column elementor-element elementor-element-3f475e22\" data-id=\"3f475e22\" data-element_type=\"column\">\n\t\t\t<div class=\"elementor-widget-wrap elementor-element-populated\">\n\t\t\t\t\t\t<div class=\"elementor-element elementor-element-842409a elementor-widget-tablet__width-initial elementor-widget-mobile__width-initial elementor-widget elementor-widget-elementskit-heading\" data-id=\"842409a\" data-element_type=\"widget\" data-settings=\"{&quot;ekit_we_effect_on&quot;:&quot;none&quot;}\" data-widget_type=\"elementskit-heading.default\">\n\t\t\t\t<div class=\"elementor-widget-container\">\n\t\t\t\t\t<div class=\"ekit-wid-con\" ><div class=\"ekit-heading elementskit-section-title-wraper text_left   ekit_heading_tablet-text_center   ekit_heading_mobile-\"><h3 class=\"elementskit-section-subtitle  \">\n\t\t\t\t\t\tC\u00f3mo Construimos\n\t\t\t\t\t<\/h3><h2 class=\"ekit-heading--title elementskit-section-title \"> Tu Proyecto<\/h2>\t\t\t\t<div class='ekit-heading__description'>\n\t\t\t\t\t<ul>\n<li><strong>Proyectos a Tiempo y Dentro del Presupuesto:<\/strong> Entregamos resultados de alta calidad dentro de tus objetivos de tiempo y financieros.<\/li>\n<li><strong>Dise\u00f1os Basados en el Mercado:<\/strong> Creamos espacios que atraigan a los usuarios y clientes adecuados en mercados competitivos.<\/li>\n<li><strong>Aplicaciones Modernas:<\/strong> Ofrecemos caracter\u00edsticas de \u00faltima generaci\u00f3n como amplio estacionamiento, \u00e1reas de descanso al aire libre e iluminaci\u00f3n inteligente.<\/li>\n<\/ul>\n\t\t\t\t<\/div>\n\t\t\t<\/div><\/div>\t\t\t\t<\/div>\n\t\t\t\t<\/div>\n\t\t\t\t\t<\/div>\n\t\t<\/div>\n\t\t\t\t<div class=\"elementor-column elementor-col-50 elementor-inner-column elementor-element elementor-element-31a2ad59\" data-id=\"31a2ad59\" data-element_type=\"column\">\n\t\t\t<div class=\"elementor-widget-wrap elementor-element-populated\">\n\t\t\t\t\t\t<div class=\"elementor-element elementor-element-79d49cf6 elementor-absolute elementor-hidden-tablet elementor-hidden-phone elementor-widget elementor-widget-image\" data-id=\"79d49cf6\" data-element_type=\"widget\" data-settings=\"{&quot;_position&quot;:&quot;absolute&quot;,&quot;ekit_we_effect_on&quot;:&quot;none&quot;}\" data-widget_type=\"image.default\">\n\t\t\t\t<div class=\"elementor-widget-container\">\n\t\t\t\t\t\t\t\t\t\t\t\t\t\t\t<img fetchpriority=\"high\" decoding=\"async\" width=\"655\" height=\"500\" src=\"https:\/\/deusbuilders.com\/ES\/wp-content\/uploads\/2025\/01\/Untitled-design-10.jpg\" class=\"attachment-full size-full wp-image-16121\" alt=\"\" srcset=\"https:\/\/deusbuilders.com\/ES\/wp-content\/uploads\/2025\/01\/Untitled-design-10.jpg 655w, https:\/\/deusbuilders.com\/ES\/wp-content\/uploads\/2025\/01\/Untitled-design-10-300x229.jpg 300w\" sizes=\"(max-width: 655px) 100vw, 655px\" \/>\t\t\t\t\t\t\t\t\t\t\t\t\t\t\t<\/div>\n\t\t\t\t<\/div>\n\t\t\t\t<div class=\"elementor-element elementor-element-39ee48ff elementor-absolute elementor-hidden-tablet elementor-hidden-phone elementor-widget elementor-widget-image\" data-id=\"39ee48ff\" data-element_type=\"widget\" data-settings=\"{&quot;_position&quot;:&quot;absolute&quot;,&quot;ekit_we_effect_on&quot;:&quot;none&quot;}\" data-widget_type=\"image.default\">\n\t\t\t\t<div class=\"elementor-widget-container\">\n\t\t\t\t\t\t\t\t\t\t\t\t\t\t\t<img decoding=\"async\" width=\"309\" height=\"424\" src=\"https:\/\/deusbuilders.com\/ES\/wp-content\/uploads\/2025\/01\/Untitled-design-9.jpg\" class=\"attachment-full size-full wp-image-16120\" alt=\"\" srcset=\"https:\/\/deusbuilders.com\/ES\/wp-content\/uploads\/2025\/01\/Untitled-design-9.jpg 309w, https:\/\/deusbuilders.com\/ES\/wp-content\/uploads\/2025\/01\/Untitled-design-9-219x300.jpg 219w\" sizes=\"(max-width: 309px) 100vw, 309px\" \/>\t\t\t\t\t\t\t\t\t\t\t\t\t\t\t<\/div>\n\t\t\t\t<\/div>\n\t\t\t\t\t<\/div>\n\t\t<\/div>\n\t\t\t\t\t<\/div>\n\t\t<\/section>\n\t\t\t\t\t<\/div>\n\t\t<\/div>\n\t\t\t\t\t<\/div>\n\t\t<\/section>\n\t\t\t\t<section class=\"elementor-section elementor-top-section elementor-element elementor-element-69e035ae elementor-section-boxed elementor-section-height-default elementor-section-height-default\" data-id=\"69e035ae\" data-element_type=\"section\" data-settings=\"{&quot;_ha_eqh_enable&quot;:false,&quot;ekit_has_onepagescroll_dot&quot;:&quot;yes&quot;}\">\n\t\t\t\t\t\t<div class=\"elementor-container elementor-column-gap-default\">\n\t\t\t\t\t<div class=\"elementor-column elementor-col-100 elementor-top-column elementor-element elementor-element-2ae31705\" data-id=\"2ae31705\" data-element_type=\"column\">\n\t\t\t<div class=\"elementor-widget-wrap elementor-element-populated\">\n\t\t\t\t\t\t<section class=\"elementor-section elementor-inner-section elementor-element elementor-element-1904f1ea elementor-section-boxed elementor-section-height-default elementor-section-height-default\" data-id=\"1904f1ea\" data-element_type=\"section\" data-settings=\"{&quot;_ha_eqh_enable&quot;:false,&quot;ekit_has_onepagescroll_dot&quot;:&quot;yes&quot;}\">\n\t\t\t\t\t\t<div class=\"elementor-container elementor-column-gap-default\">\n\t\t\t\t\t<div class=\"elementor-column elementor-col-100 elementor-inner-column elementor-element elementor-element-1e8708cc\" data-id=\"1e8708cc\" data-element_type=\"column\">\n\t\t\t<div class=\"elementor-widget-wrap elementor-element-populated\">\n\t\t\t\t\t\t<div class=\"elementor-element elementor-element-223642f9 elementor-widget elementor-widget-elementskit-heading\" data-id=\"223642f9\" data-element_type=\"widget\" data-settings=\"{&quot;ekit_we_effect_on&quot;:&quot;none&quot;}\" data-widget_type=\"elementskit-heading.default\">\n\t\t\t\t<div class=\"elementor-widget-container\">\n\t\t\t\t\t<div class=\"ekit-wid-con\" ><div class=\"ekit-heading elementskit-section-title-wraper center   ekit_heading_tablet-   ekit_heading_mobile-\"><h3 class=\"elementskit-section-subtitle  \">\n\t\t\t\t\t\tDeus Builders\n\t\t\t\t\t<\/h3><h2 class=\"ekit-heading--title elementskit-section-title \">Paso a Paso<\/h2><\/div><\/div>\t\t\t\t<\/div>\n\t\t\t\t<\/div>\n\t\t\t\t<div class=\"elementor-element elementor-element-45a1108d elementor-absolute elementor-widget__width-initial elementor-widget elementor-widget-elementskit-heading\" data-id=\"45a1108d\" data-element_type=\"widget\" data-settings=\"{&quot;_position&quot;:&quot;absolute&quot;,&quot;ekit_we_effect_on&quot;:&quot;none&quot;}\" data-widget_type=\"elementskit-heading.default\">\n\t\t\t\t<div class=\"elementor-widget-container\">\n\t\t\t\t\t<div class=\"ekit-wid-con\" ><div class=\"ekit-heading elementskit-section-title-wraper center   ekit_heading_tablet-   ekit_heading_mobile-\"><h2 class=\"ekit-heading--title elementskit-section-title \">PROCESO<\/h2><\/div><\/div>\t\t\t\t<\/div>\n\t\t\t\t<\/div>\n\t\t\t\t\t<\/div>\n\t\t<\/div>\n\t\t\t\t\t<\/div>\n\t\t<\/section>\n\t\t\t\t<section class=\"elementor-section elementor-inner-section elementor-element elementor-element-788372bd elementor-section-boxed elementor-section-height-default elementor-section-height-default\" data-id=\"788372bd\" data-element_type=\"section\" data-settings=\"{&quot;_ha_eqh_enable&quot;:false,&quot;ekit_has_onepagescroll_dot&quot;:&quot;yes&quot;}\">\n\t\t\t\t\t\t<div class=\"elementor-container elementor-column-gap-default\">\n\t\t\t\t\t<div class=\"elementor-column elementor-col-100 elementor-inner-column elementor-element elementor-element-12e1c056\" data-id=\"12e1c056\" data-element_type=\"column\">\n\t\t\t<div class=\"elementor-widget-wrap elementor-element-populated\">\n\t\t\t\t\t\t<div class=\"elementor-element elementor-element-1ac1581f elementor-widget elementor-widget-elementskit-timeline\" data-id=\"1ac1581f\" data-element_type=\"widget\" data-settings=\"{&quot;ekit_we_effect_on&quot;:&quot;none&quot;}\" data-widget_type=\"elementskit-timeline.default\">\n\t\t\t\t<div class=\"elementor-widget-container\">\n\t\t\t\t\t<div class=\"ekit-wid-con\" >        <div class=\"timeline-area vertical-timeline  multi-gradient floating-style bothside\" > \n\n         \n                    <div class=\"single-timeline media single-timeline-count-1 elementor-repeater-item-c97e057\" >\n                            <div class=\"timeline-item media\" data-settings=\"{&quot;_animation&quot;:&quot;&quot;}\">\n                                <div class=\"timeline-content\">\n\n                                     \n                                                                            <h3 class=\"title\">1. Consultor\u00eda y Visi\u00f3n<\/h3>\n                                    \n                                                                  <p>Comenzamos entendiendo tu visi\u00f3n, objetivos y necesidades \u00fanicas. Durante esta fase, discutimos los requisitos de tu proyecto, presupuesto y cronograma.\n\n<br>\tEntregables Clave:\n<br>oReuni\u00f3n inicial\n<br>oAlcance y objetivos del proyecto\n<br>oEvaluaci\u00f3n de viabilidad\n\n<\/p>\n                              \n\n\n                            \n                                <\/div><!-- .timeline-content END -->\n                                                                 <div class=\"timeline-icon\">\n                                <i aria-hidden=\"true\" class=\"far fa-lightbulb\"><\/i>                                <\/div>\n\n                                                        <div class=\"watermark-icon\">\n                                <i aria-hidden=\"true\" class=\"far fa-lightbulb\"><\/i>                            <\/div>\n                                                          <div class=\"timeline-pin\"><\/div>\n                            <\/div><!-- .timeline-item .media END -->\n\n                    \n                    <div class=\"timeline-info\" data-settings=\"{&quot;_animation&quot;:&quot;&quot;}\">\n                                        <\/div>\n\n                                    <div class=\"timeline-img\"><\/div>\n\n\n           \n                        <\/div><!-- .single-timeline .media END -->\n       \n                    <div class=\"single-timeline media single-timeline-count-2 elementor-repeater-item-990eeb7\" >\n                            <div class=\"timeline-item media\" data-settings=\"{&quot;_animation&quot;:&quot;&quot;}\">\n                                <div class=\"timeline-content\">\n\n                                     \n                                                                            <h3 class=\"title\">2. Planificaci\u00f3n y Dise\u00f1o<\/h3>\n                                    \n                                                                  <p>Nuestros expertos crean dise\u00f1os personalizados adaptados a las necesidades de tu negocio. Aseguramos que cada detalle est\u00e9 alineado con tus objetivos y cumpla con las regulaciones locales.\n<br>Entregables Clave:\n<br>o\tDise\u00f1os conceptuales\n<br>o\tAn\u00e1lisis del sitio\n<br>o\tPreparaci\u00f3n de permisos\n<\/p>\n                              \n\n\n                            \n                                <\/div><!-- .timeline-content END -->\n                                                                 <div class=\"timeline-icon\">\n                                <i aria-hidden=\"true\" class=\"fas fa-drafting-compass\"><\/i>                                <\/div>\n\n                                                        <div class=\"watermark-icon\">\n                                <i aria-hidden=\"true\" class=\"fas fa-drafting-compass\"><\/i>                            <\/div>\n                                                          <div class=\"timeline-pin\"><\/div>\n                            <\/div><!-- .timeline-item .media END -->\n\n                    \n                    <div class=\"timeline-info\" data-settings=\"{&quot;_animation&quot;:&quot;&quot;}\">\n                                        <\/div>\n\n                                    <div class=\"timeline-img\"><\/div>\n\n\n           \n                        <\/div><!-- .single-timeline .media END -->\n       \n                    <div class=\"single-timeline media single-timeline-count-3 elementor-repeater-item-71a777f\" >\n                            <div class=\"timeline-item media\" data-settings=\"{&quot;_animation&quot;:&quot;&quot;}\">\n                                <div class=\"timeline-content\">\n\n                                     \n                                                                            <h3 class=\"title\">3. Presupuesto y Programaci\u00f3n<\/h3>\n                                    \n                                                                  <p>Proporcionamos una propuesta detallada con precios transparentes y un cronograma realista. Nuestro objetivo es alinear expectativas y garantizar que todo est\u00e9 en marcha.\n<br>Entregables Clave:\n<br>o\tEstimaci\u00f3n detallada de costos\n<br>o\tCronograma del proyecto\n<br>o\tAsignaci\u00f3n de recursos\n<\/p>\n                              \n\n\n                            \n                                <\/div><!-- .timeline-content END -->\n                                                                 <div class=\"timeline-icon\">\n                                <i aria-hidden=\"true\" class=\"far fa-calendar-alt\"><\/i>                                <\/div>\n\n                                                        <div class=\"watermark-icon\">\n                                <i aria-hidden=\"true\" class=\"far fa-calendar-alt\"><\/i>                            <\/div>\n                                                          <div class=\"timeline-pin\"><\/div>\n                            <\/div><!-- .timeline-item .media END -->\n\n                    \n                    <div class=\"timeline-info\" data-settings=\"{&quot;_animation&quot;:&quot;&quot;}\">\n                                        <\/div>\n\n                                    <div class=\"timeline-img\"><\/div>\n\n\n           \n                        <\/div><!-- .single-timeline .media END -->\n       \n                    <div class=\"single-timeline media single-timeline-count-4 elementor-repeater-item-df7f3df\" >\n                            <div class=\"timeline-item media\" data-settings=\"{&quot;_animation&quot;:&quot;&quot;}\">\n                                <div class=\"timeline-content\">\n\n                                     \n                                                                            <h3 class=\"title\">4. Fase de Construcci\u00f3n<\/h3>\n                                    \n                                                                  <p>Damos vida a tu visi\u00f3n con precisi\u00f3n y experiencia. Nuestro equipo gestiona cada aspecto del proceso de construcci\u00f3n para garantizar calidad y entrega a tiempo.\n<br>Entregables Clave:\n<br>o\tActualizaciones regulares de progreso\n<br>o\tGarant\u00eda de calidad\n<br>o\tGesti\u00f3n en sitio<\/p>\n                              \n\n\n                            \n                                <\/div><!-- .timeline-content END -->\n                                                                 <div class=\"timeline-icon\">\n                                <i aria-hidden=\"true\" class=\"icon icon-tools\"><\/i>                                <\/div>\n\n                                                        <div class=\"watermark-icon\">\n                                <i aria-hidden=\"true\" class=\"icon icon-tools\"><\/i>                            <\/div>\n                                                          <div class=\"timeline-pin\"><\/div>\n                            <\/div><!-- .timeline-item .media END -->\n\n                    \n                    <div class=\"timeline-info\" data-settings=\"{&quot;_animation&quot;:&quot;&quot;}\">\n                                        <\/div>\n\n                                    <div class=\"timeline-img\"><\/div>\n\n\n           \n                        <\/div><!-- .single-timeline .media END -->\n       \n                    <div class=\"single-timeline media single-timeline-count-5 elementor-repeater-item-fa25e9e\" >\n                            <div class=\"timeline-item media\" data-settings=\"{&quot;_animation&quot;:&quot;&quot;}\">\n                                <div class=\"timeline-content\">\n\n                                     \n                                                                            <h3 class=\"title\">5. Finalizaci\u00f3n del Proyecto y Entrega<\/h3>\n                                    \n                                                                  <p>\nAl finalizar, realizamos un recorrido final para garantizar que cada detalle cumpla con tus expectativas. Tu satisfacci\u00f3n es nuestra m\u00e1xima prioridad.\n<br>Entregables Clave:\n<br>o\tInspecci\u00f3n final\n<br>o\tEntrega del proyecto completo\n<br>o\tSoporte post-construcci\u00f3n\n<\/p>\n                              \n\n\n                            \n                                <\/div><!-- .timeline-content END -->\n                                                                 <div class=\"timeline-icon\">\n                                <i aria-hidden=\"true\" class=\"fas fa-medal\"><\/i>                                <\/div>\n\n                                                        <div class=\"watermark-icon\">\n                                <i aria-hidden=\"true\" class=\"fas fa-medal\"><\/i>                            <\/div>\n                                                          <div class=\"timeline-pin\"><\/div>\n                            <\/div><!-- .timeline-item .media END -->\n\n                    \n                    <div class=\"timeline-info\" data-settings=\"{&quot;_animation&quot;:&quot;&quot;}\">\n                                        <\/div>\n\n                                    <div class=\"timeline-img\"><\/div>\n\n\n           \n                        <\/div><!-- .single-timeline .media END -->\n           <div class=\"timeline-bar\"><\/div>\n    <\/div><\/div>\t\t\t\t<\/div>\n\t\t\t\t<\/div>\n\t\t\t\t\t<\/div>\n\t\t<\/div>\n\t\t\t\t\t<\/div>\n\t\t<\/section>\n\t\t\t\t\t<\/div>\n\t\t<\/div>\n\t\t\t\t\t<\/div>\n\t\t<\/section>\n\t\t\t\t<section class=\"elementor-section elementor-top-section elementor-element elementor-element-aaea8e4 elementor-section-boxed elementor-section-height-default elementor-section-height-default\" data-id=\"aaea8e4\" data-element_type=\"section\" data-settings=\"{&quot;background_background&quot;:&quot;classic&quot;,&quot;_ha_eqh_enable&quot;:false,&quot;ekit_has_onepagescroll_dot&quot;:&quot;yes&quot;}\">\n\t\t\t\t\t\t<div class=\"elementor-container elementor-column-gap-default\">\n\t\t\t\t\t<div class=\"elementor-column elementor-col-100 elementor-top-column elementor-element elementor-element-2166b0a\" data-id=\"2166b0a\" data-element_type=\"column\">\n\t\t\t<div class=\"elementor-widget-wrap elementor-element-populated\">\n\t\t\t\t\t\t<section class=\"elementor-section elementor-inner-section elementor-element elementor-element-3a91e78 elementor-section-boxed elementor-section-height-default elementor-section-height-default\" data-id=\"3a91e78\" data-element_type=\"section\" data-settings=\"{&quot;background_background&quot;:&quot;classic&quot;,&quot;_ha_eqh_enable&quot;:false,&quot;ekit_has_onepagescroll_dot&quot;:&quot;yes&quot;}\">\n\t\t\t\t\t\t<div class=\"elementor-container elementor-column-gap-default\">\n\t\t\t\t\t<div class=\"elementor-column elementor-col-100 elementor-inner-column elementor-element elementor-element-ae6cbf6\" data-id=\"ae6cbf6\" data-element_type=\"column\">\n\t\t\t<div class=\"elementor-widget-wrap elementor-element-populated\">\n\t\t\t\t\t\t<div class=\"elementor-element elementor-element-a567486 elementor-widget elementor-widget-elementskit-heading\" data-id=\"a567486\" data-element_type=\"widget\" data-settings=\"{&quot;ekit_we_effect_on&quot;:&quot;none&quot;}\" data-widget_type=\"elementskit-heading.default\">\n\t\t\t\t<div class=\"elementor-widget-container\">\n\t\t\t\t\t<div class=\"ekit-wid-con\" ><div class=\"ekit-heading elementskit-section-title-wraper text_center   ekit_heading_tablet-   ekit_heading_mobile-\"><h2 class=\"ekit-heading--title elementskit-section-title \">Construyamos tu Visi\u00f3n Juntos<\/h2><\/div><\/div>\t\t\t\t<\/div>\n\t\t\t\t<\/div>\n\t\t\t\t<div class=\"elementor-element elementor-element-78149b6 elementor-widget elementor-widget-text-editor\" data-id=\"78149b6\" data-element_type=\"widget\" data-settings=\"{&quot;ekit_we_effect_on&quot;:&quot;none&quot;}\" data-widget_type=\"text-editor.default\">\n\t\t\t\t<div class=\"elementor-widget-container\">\n\t\t\t\t\t\t\t\t\tYa sea que est\u00e9s desarrollando una nueva instalaci\u00f3n o expandiendo tu negocio, Deus Builders LLC es tu socio de confianza para la excelencia en la construcci\u00f3n comercial.\t\t\t\t\t\t\t\t<\/div>\n\t\t\t\t<\/div>\n\t\t\t\t<div class=\"elementor-element elementor-element-ff9b4de elementor-align--mobilecenter elementor-align-center elementor-widget elementor-widget-elementskit-button\" data-id=\"ff9b4de\" data-element_type=\"widget\" data-settings=\"{&quot;ekit_we_effect_on&quot;:&quot;none&quot;}\" data-widget_type=\"elementskit-button.default\">\n\t\t\t\t<div class=\"elementor-widget-container\">\n\t\t\t\t\t<div class=\"ekit-wid-con\" >\t\t<div class=\"ekit-btn-wraper\">\n\t\t\t\t\t\t\t<a href=\"https:\/\/deusbuilders.com\/ES\/contact-us\/\" class=\"elementskit-btn  whitespace--normal\" id=\"\">\n\t\t\t\t\tCont\u00e1ctanos Hoy\t\t\t\t<\/a>\n\t\t\t\t\t<\/div>\n        <\/div>\t\t\t\t<\/div>\n\t\t\t\t<\/div>\n\t\t\t\t\t<\/div>\n\t\t<\/div>\n\t\t\t\t\t<\/div>\n\t\t<\/section>\n\t\t\t\t\t<\/div>\n\t\t<\/div>\n\t\t\t\t\t<\/div>\n\t\t<\/section>\n\t\t\t\t<\/div>\n\t\t","protected":false},"excerpt":{"rendered":"<p>C\u00f3mo Construimos Tu Proyecto Proyectos a Tiempo y Dentro del Presupuesto: Entregamos resultados de alta calidad dentro de tus objetivos de tiempo y financieros. Dise\u00f1os Basados en el Mercado: Creamos espacios que atraigan a los usuarios y clientes adecuados en mercados competitivos. Aplicaciones Modernas: Ofrecemos caracter\u00edsticas de \u00faltima generaci\u00f3n como amplio estacionamiento, \u00e1reas de descanso [&hellip;]<\/p>\n","protected":false},"author":1,"featured_media":15956,"parent":0,"menu_order":0,"comment_status":"closed","ping_status":"closed","template":"","meta":{"footnotes":""},"class_list":["post-16075","page","type-page","status-publish","has-post-thumbnail","hentry"],"_links":{"self":[{"href":"https:\/\/deusbuilders.com\/ES\/wp-json\/wp\/v2\/pages\/16075","targetHints":{"allow":["GET"]}}],"collection":[{"href":"https:\/\/deusbuilders.com\/ES\/wp-json\/wp\/v2\/pages"}],"about":[{"href":"https:\/\/deusbuilders.com\/ES\/wp-json\/wp\/v2\/types\/page"}],"author":[{"embeddable":true,"href":"https:\/\/deusbuilders.com\/ES\/wp-json\/wp\/v2\/users\/1"}],"replies":[{"embeddable":true,"href":"https:\/\/deusbuilders.com\/ES\/wp-json\/wp\/v2\/comments?post=16075"}],"version-history":[{"count":57,"href":"https:\/\/deusbuilders.com\/ES\/wp-json\/wp\/v2\/pages\/16075\/revisions"}],"predecessor-version":[{"id":16888,"href":"https:\/\/deusbuilders.com\/ES\/wp-json\/wp\/v2\/pages\/16075\/revisions\/16888"}],"wp:featuredmedia":[{"embeddable":true,"href":"https:\/\/deusbuilders.com\/ES\/wp-json\/wp\/v2\/media\/15956"}],"wp:attachment":[{"href":"https:\/\/deusbuilders.com\/ES\/wp-json\/wp\/v2\/media?parent=16075"}],"curies":[{"name":"wp","href":"https:\/\/api.w.org\/{rel}","templated":true}]}}